{"id":530,"date":"2023-12-20T12:54:12","date_gmt":"2023-12-20T16:54:12","guid":{"rendered":"https:\/\/f22088116.wordpress.com\/?page_id=530"},"modified":"2023-12-20T12:54:12","modified_gmt":"2023-12-20T16:54:12","slug":"datos-geoespaciales","status":"publish","type":"page","link":"https:\/\/fdsl.org.do\/index.php\/datos-geoespaciales\/","title":{"rendered":"Datos Geoespaciales"},"content":{"rendered":"\n<div class=\"wp-block-group alignfull has-primary-color has-background-background-color has-text-color has-background has-link-color wp-elements-4a29c22c368a72823b2e390cead7d40a is-layout-constrained wp-container-core-group-is-layout-4c8037ab wp-block-group-is-layout-constrained\" style=\"margin-top:0px;margin-bottom:0px;padding-top:var(--wp--preset--spacing--80);padding-right:var(--wp--preset--spacing--60);padding-bottom:var(--wp--preset--spacing--80);padding-left:var(--wp--preset--spacing--60)\">\n<div class=\"wp-block-columns alignwide is-layout-flex wp-container-core-columns-is-layout-6ef9061c wp-block-columns-is-layout-flex\">\n<div class=\"wp-block-column is-layout-flow wp-block-column-is-layout-flow\">\n<h2 class=\"wp-block-heading has-text-color has-link-color wp-elements-e65c714fd2fa25a6689b338353c74fea\" style=\"color:#0073a5;margin-top:0px\">\u00bfQu\u00e9 son los datos geoespaciales?<\/h2>\n\n\n\n<p>Los datos geoespaciales, tambi\u00e9n conocidos como geodatos, son datos que incluyen informaci\u00f3n relacionada con ubicaciones en la superficie de la Tierra. Es posible localizar en un mapa objetos, acontecimientos y otros fen\u00f3menos del mundo real en una zona geogr\u00e1fica espec\u00edfica identificada mediante coordenadas de latitud y longitud. Los datos geoespaciales combinan informaci\u00f3n sobre la ubicaci\u00f3n con caracter\u00edsticas o atributos de otros conjuntos de datos empresariales durante un periodo determinado. Por ejemplo, los datos geoespaciales pueden mostrar d\u00f3nde est\u00e1 estacionado un autom\u00f3vil y tambi\u00e9n rastrear su ubicaci\u00f3n en cuanto se ponga en marcha.&nbsp;<\/p>\n<\/div>\n\n\n\n<div class=\"wp-block-column is-vertically-aligned-center is-layout-flow wp-block-column-is-layout-flow\">\n<div class=\"wp-block-jetpack-tiled-gallery aligncenter is-style-rectangular\"><div class=\"tiled-gallery__gallery\"><div class=\"tiled-gallery__row\"><div class=\"tiled-gallery__col\" style=\"flex-basis:49.06320%\"><figure class=\"tiled-gallery__item\"><img decoding=\"async\" alt=\"\" data-height=\"1125\" data-id=\"535\" data-link=\"https:\/\/f22088116.wordpress.com\/datos-geoespaciales\/europe-at-night-planet-earth-city-lights-seen-from-space\/\" data-url=\"https:\/\/fdsl.org.do\/wp-content\/uploads\/2023\/12\/istock-1214889162_3.jpg?w=1024\" data-width=\"2000\" src=\"https:\/\/fdsl.org.do\/wp-content\/uploads\/2023\/12\/istock-1214889162_3.jpg\" \/><\/figure><\/div><div class=\"tiled-gallery__col\" style=\"flex-basis:50.93680%\"><figure class=\"tiled-gallery__item\"><img decoding=\"async\" alt=\"\" data-height=\"650\" data-id=\"534\" data-link=\"https:\/\/f22088116.wordpress.com\/datos-geoespaciales\/analisis-y-visualizacion-de-datos-geoespaciales\/\" data-url=\"https:\/\/fdsl.org.do\/wp-content\/uploads\/2023\/12\/analisis-y-visualizacion-de-datos-geoespaciales.png?w=1024\" data-width=\"1200\" src=\"https:\/\/fdsl.org.do\/wp-content\/uploads\/2023\/12\/analisis-y-visualizacion-de-datos-geoespaciales.png\" \/><\/figure><\/div><\/div><div class=\"tiled-gallery__row\"><div class=\"tiled-gallery__col\" style=\"flex-basis:100.00000%\"><figure class=\"tiled-gallery__item\"><img decoding=\"async\" alt=\"\" data-height=\"600\" data-id=\"529\" data-link=\"https:\/\/f22088116.wordpress.com\/geospatial-data-analysis\/\" data-url=\"https:\/\/fdsl.org.do\/wp-content\/uploads\/2023\/12\/geospatial-data-analysis.jpg?w=1024\" data-width=\"1920\" src=\"https:\/\/fdsl.org.do\/wp-content\/uploads\/2023\/12\/geospatial-data-analysis.jpg\" \/><\/figure><\/div><\/div><div class=\"tiled-gallery__row\"><div class=\"tiled-gallery__col\" style=\"flex-basis:100.00000%\"><figure class=\"tiled-gallery__item\"><img decoding=\"async\" alt=\"\" data-height=\"662\" data-id=\"533\" data-link=\"https:\/\/f22088116.wordpress.com\/datos-geoespaciales\/1366_2000\/\" data-url=\"https:\/\/fdsl.org.do\/wp-content\/uploads\/2023\/12\/1366_2000.jpeg?w=1024\" data-width=\"1024\" src=\"https:\/\/fdsl.org.do\/wp-content\/uploads\/2023\/12\/1366_2000.jpeg\" \/><\/figure><\/div><\/div><\/div><\/div>\n<\/div>\n<\/div>\n<\/div>\n","protected":false},"excerpt":{"rendered":"<p>\u00bfQu\u00e9 son los datos geoespaciales? Los datos geoespaciales, tambi\u00e9n conocidos como geodatos, son datos que incluyen informaci\u00f3n relacionada con ubicaciones en la superficie de la Tierra. Es posible localizar en un mapa objetos, acontecimientos y otros fen\u00f3menos del mundo real en una zona geogr\u00e1fica espec\u00edfica identificada mediante coordenadas de latitud y longitud. Los datos geoespaciales [&hellip;]<\/p>\n","protected":false},"author":4,"featured_media":0,"parent":0,"menu_order":0,"comment_status":"closed","ping_status":"closed","template":"","meta":{"footnotes":""},"class_list":["post-530","page","type-page","status-publish","hentry"],"_links":{"self":[{"href":"https:\/\/fdsl.org.do\/index.php\/wp-json\/wp\/v2\/pages\/530","targetHints":{"allow":["GET"]}}],"collection":[{"href":"https:\/\/fdsl.org.do\/index.php\/wp-json\/wp\/v2\/pages"}],"about":[{"href":"https:\/\/fdsl.org.do\/index.php\/wp-json\/wp\/v2\/types\/page"}],"author":[{"embeddable":true,"href":"https:\/\/fdsl.org.do\/index.php\/wp-json\/wp\/v2\/users\/4"}],"replies":[{"embeddable":true,"href":"https:\/\/fdsl.org.do\/index.php\/wp-json\/wp\/v2\/comments?post=530"}],"version-history":[{"count":0,"href":"https:\/\/fdsl.org.do\/index.php\/wp-json\/wp\/v2\/pages\/530\/revisions"}],"wp:attachment":[{"href":"https:\/\/fdsl.org.do\/index.php\/wp-json\/wp\/v2\/media?parent=530"}],"curies":[{"name":"wp","href":"https:\/\/api.w.org\/{rel}","templated":true}]}}