{"id":435,"date":"2023-12-18T21:32:41","date_gmt":"2023-12-19T00:32:41","guid":{"rendered":"https:\/\/f22088116.wordpress.com\/about-2\/"},"modified":"2023-12-18T21:32:41","modified_gmt":"2023-12-19T00:32:41","slug":"educacion","status":"publish","type":"page","link":"https:\/\/fdsl.org.do\/index.php\/educacion\/","title":{"rendered":"Educaci\u00f3n"},"content":{"rendered":"\n<div class=\"wp-block-group alignfull is-layout-constrained wp-block-group-is-layout-constrained\">\n<p class=\"has-text-align-center\">Nuestros cursos  ofrecen una fascinante inmersi\u00f3n en el mundo de la libertad digital, proporcionando a los participantes las habilidades y el conocimiento necesarios para aprovechar al m\u00e1ximo las herramientas y plataformas de c\u00f3digo abierto.<\/p>\n<\/div>\n\n\n\n<div class=\"wp-block-group alignfull has-background is-layout-constrained wp-container-core-group-is-layout-4c8037ab wp-block-group-is-layout-constrained\" style=\"background-color:#0073a5;margin-top:0px;margin-bottom:0px;padding-top:var(--wp--preset--spacing--80);padding-right:var(--wp--preset--spacing--60);padding-bottom:var(--wp--preset--spacing--80);padding-left:var(--wp--preset--spacing--60)\">\n<div class=\"wp-block-columns alignwide is-layout-flex wp-container-core-columns-is-layout-6ef9061c wp-block-columns-is-layout-flex\">\n<div class=\"wp-block-column is-layout-flow wp-block-column-is-layout-flow\">\n<figure class=\"wp-block-image size-large is-resized\"><img decoding=\"async\" src=\"https:\/\/fdsl.org.do\/wp-content\/uploads\/2023\/12\/geogebra_landscape_logo.png?w=321\" alt=\"\" class=\"wp-image-645\" style=\"width:529px;height:auto\" \/><\/figure>\n<\/div>\n\n\n\n<div class=\"wp-block-column is-vertically-aligned-center is-layout-flow wp-block-column-is-layout-flow\">\n<h2 class=\"wp-block-heading has-text-align-center has-background-color has-text-color has-link-color wp-elements-417a4af4c34076e169cb94ef978aa42e\" style=\"margin-top:0px\"><mark style=\"background-color:rgba(0, 0, 0, 0)\" class=\"has-inline-color has-background-color\">Aprendizaje din\u00e1mico de las matem\u00e1ticas con GeoGebra<\/mark><\/h2>\n\n\n\n<p class=\"has-text-align-center has-background-color has-text-color has-link-color wp-elements-56ea9f127136e0c44dec50ca358c6ad1\">GeoGebra\u00a0<strong>es un software matem\u00e1tico din\u00e1mico para todos los niveles educativos que re\u00fane geometr\u00eda, \u00e1lgebra, hojas de c\u00e1lculo, gr\u00e1ficas, estad\u00edsticas y c\u00e1lculo en un solo motor<\/strong>.<\/p>\n<\/div>\n<\/div>\n<\/div>\n\n\n\n<div class=\"wp-block-group alignfull has-background-background-color has-background is-layout-constrained wp-container-core-group-is-layout-4c8037ab wp-block-group-is-layout-constrained\" style=\"margin-top:0px;margin-bottom:0px;padding-top:var(--wp--preset--spacing--80);padding-right:var(--wp--preset--spacing--60);padding-bottom:var(--wp--preset--spacing--80);padding-left:var(--wp--preset--spacing--60)\">\n<div class=\"wp-block-columns alignwide is-layout-flex wp-container-core-columns-is-layout-6ef9061c wp-block-columns-is-layout-flex\">\n<div class=\"wp-block-column is-vertically-aligned-center is-layout-flow wp-block-column-is-layout-flow\">\n<h2 class=\"wp-block-heading has-text-align-center\" style=\"margin-top:0px\"><mark style=\"background-color:rgba(0, 0, 0, 0);color:#0073a5\" class=\"has-inline-color\"><mark style=\"background-color:rgba(0, 0, 0, 0);color:#0073a5\" class=\"has-inline-color\"><mark style=\"background-color:rgba(0, 0, 0, 0);color:#0073a5\" class=\"has-inline-color\">Infoalfabetizaci\u00f3n digital para docentes<\/mark><\/mark><\/mark><\/h2>\n\n\n\n<p class=\"has-text-align-center\"><em>Busca equipar a los educadores con las habilidades y conocimientos necesarios para prosperar en un entorno educativo cada vez m\u00e1s digital, permiti\u00e9ndoles no solo mejorar su propia pr\u00e1ctica, sino tambi\u00e9n preparar a los estudiantes para ser ciudadanos informados y \u00e9ticos en el mundo digital.<\/em><\/p>\n<\/div>\n\n\n\n<div class=\"wp-block-column is-layout-flow wp-block-column-is-layout-flow\">\n<figure class=\"wp-block-image size-full is-resized\"><img decoding=\"async\" src=\"https:\/\/f22088116.files.wordpress.com\/2023\/12\/fdsl_flisol_unphu_2013_16.jpg\" alt=\"\" class=\"wp-image-212\" style=\"width:630px;height:auto\" \/><\/figure>\n<\/div>\n<\/div>\n<\/div>\n\n\n\n<div class=\"wp-block-group alignfull has-background is-layout-constrained wp-container-core-group-is-layout-4c8037ab wp-block-group-is-layout-constrained\" style=\"background-color:#0073a5;margin-top:0px;margin-bottom:0px;padding-top:var(--wp--preset--spacing--80);padding-right:var(--wp--preset--spacing--60);padding-bottom:var(--wp--preset--spacing--80);padding-left:var(--wp--preset--spacing--60)\">\n<div class=\"wp-block-columns alignwide is-layout-flex wp-container-core-columns-is-layout-6ef9061c wp-block-columns-is-layout-flex\">\n<div class=\"wp-block-column is-layout-flow wp-block-column-is-layout-flow\">\n<figure class=\"wp-block-image size-large is-resized\"><img decoding=\"async\" src=\"https:\/\/fdsl.org.do\/wp-content\/uploads\/2023\/12\/captura-de-pantalla-2017-06-05-a-las-17.55.11.png?w=1024\" alt=\"\" class=\"wp-image-620\" style=\"width:529px;height:auto\" \/><\/figure>\n<\/div>\n\n\n\n<div class=\"wp-block-column is-vertically-aligned-center is-layout-flow wp-block-column-is-layout-flow\">\n<h2 class=\"wp-block-heading has-text-align-center has-background-color has-text-color has-link-color wp-elements-4fd766be56df1446b931fa705f532cfb\" style=\"margin-top:0px\">Creaci\u00f3n de textos cient\u00edficos con Latex<\/h2>\n\n\n\n<p class=\"has-text-align-center has-background-color has-text-color has-link-color wp-elements-6894268e58a58f48eb10bd11be2cc20a\">Una herramienta poderosa para cient\u00edficos y acad\u00e9micos que buscan producir documentos de alta calidad y estandarizados en el \u00e1mbito cient\u00edfico.<\/p>\n<\/div>\n<\/div>\n<\/div>\n\n\n\n<div class=\"wp-block-group alignfull has-background-background-color has-background is-layout-constrained wp-container-core-group-is-layout-4c8037ab wp-block-group-is-layout-constrained\" style=\"margin-top:0px;margin-bottom:0px;padding-top:var(--wp--preset--spacing--80);padding-right:var(--wp--preset--spacing--60);padding-bottom:var(--wp--preset--spacing--80);padding-left:var(--wp--preset--spacing--60)\">\n<div class=\"wp-block-columns alignwide is-layout-flex wp-container-core-columns-is-layout-6ef9061c wp-block-columns-is-layout-flex\">\n<div class=\"wp-block-column is-vertically-aligned-center is-layout-flow wp-block-column-is-layout-flow\">\n<h2 class=\"wp-block-heading has-text-align-center\" style=\"margin-top:0px\"><mark style=\"background-color:rgba(0, 0, 0, 0);color:#0073a5\" class=\"has-inline-color\"><mark style=\"background-color:rgba(0, 0, 0, 0);color:#0073a5\" class=\"has-inline-color\"><mark style=\"background-color:rgba(0, 0, 0, 0);color:#0073a5\" class=\"has-inline-color\"><mark style=\"background-color:rgba(0, 0, 0, 0);color:#0073a5\" class=\"has-inline-color\"><mark style=\"background-color:rgba(0, 0, 0, 0);color:#0073a5\" class=\"has-inline-color\"><mark style=\"background-color:rgba(0, 0, 0, 0);color:#0073a5\" class=\"has-inline-color\">Inteligencia artificial<\/mark><\/mark><\/mark><\/mark><\/mark><\/mark><\/h2>\n\n\n\n<p class=\"has-text-align-center\"><em>Innovadora frontera que est\u00e1 transformando la forma en que ense\u00f1amos y aprendemos. Este emocionante campo utiliza la tecnolog\u00eda para personalizar y potenciar la experiencia educativa, brindando oportunidades sin precedentes para el desarrollo individualizado y la mejora del rendimiento acad\u00e9mico.<\/em><\/p>\n<\/div>\n\n\n\n<div class=\"wp-block-column is-layout-flow wp-block-column-is-layout-flow\">\n<figure class=\"wp-block-image size-full is-resized\"><img decoding=\"async\" src=\"https:\/\/fdsl.org.do\/wp-content\/uploads\/2023\/12\/elfuturo-ahora-1050x450-1.png\" alt=\"\" class=\"wp-image-621\" style=\"width:630px;height:auto\" \/><\/figure>\n<\/div>\n<\/div>\n<\/div>\n","protected":false},"excerpt":{"rendered":"<p>Nuestros cursos ofrecen una fascinante inmersi\u00f3n en el mundo de la libertad digital, proporcionando a los participantes las habilidades y el conocimiento necesarios para aprovechar al m\u00e1ximo las herramientas y plataformas de c\u00f3digo abierto. Aprendizaje din\u00e1mico de las matem\u00e1ticas con GeoGebra GeoGebra\u00a0es un software matem\u00e1tico din\u00e1mico para todos los niveles educativos que re\u00fane geometr\u00eda, \u00e1lgebra, [&hellip;]<\/p>\n","protected":false},"author":4,"featured_media":0,"parent":0,"menu_order":0,"comment_status":"closed","ping_status":"closed","template":"","meta":{"footnotes":""},"class_list":["post-435","page","type-page","status-publish","hentry"],"_links":{"self":[{"href":"https:\/\/fdsl.org.do\/index.php\/wp-json\/wp\/v2\/pages\/435","targetHints":{"allow":["GET"]}}],"collection":[{"href":"https:\/\/fdsl.org.do\/index.php\/wp-json\/wp\/v2\/pages"}],"about":[{"href":"https:\/\/fdsl.org.do\/index.php\/wp-json\/wp\/v2\/types\/page"}],"author":[{"embeddable":true,"href":"https:\/\/fdsl.org.do\/index.php\/wp-json\/wp\/v2\/users\/4"}],"replies":[{"embeddable":true,"href":"https:\/\/fdsl.org.do\/index.php\/wp-json\/wp\/v2\/comments?post=435"}],"version-history":[{"count":0,"href":"https:\/\/fdsl.org.do\/index.php\/wp-json\/wp\/v2\/pages\/435\/revisions"}],"wp:attachment":[{"href":"https:\/\/fdsl.org.do\/index.php\/wp-json\/wp\/v2\/media?parent=435"}],"curies":[{"name":"wp","href":"https:\/\/api.w.org\/{rel}","templated":true}]}}