{"id":123,"date":"2023-12-19T12:54:08","date_gmt":"2023-12-19T15:54:08","guid":{"rendered":"https:\/\/f22088116.wordpress.com\/?page_id=123"},"modified":"2023-12-19T12:54:08","modified_gmt":"2023-12-19T15:54:08","slug":"proyectos","status":"publish","type":"page","link":"https:\/\/fdsl.org.do\/index.php\/proyectos\/","title":{"rendered":"Proyectos"},"content":{"rendered":"\n<h2 class=\"wp-block-heading has-text-align-center\"><a href=\"https:\/\/f22088116.wordpress.com\/proyecto-smart\/\"><mark style=\"background-color:rgba(0, 0, 0, 0);color:#0073a5\" class=\"has-inline-color\">Proyecto Smart<\/mark><\/a><\/h2>\n\n\n\n<p class=\"has-text-align-center\"><strong>Aprendizaje Din\u00e1mico y Divertido de las Matem\u00e1ticas<\/strong>&nbsp;(SMART, por sus siglas en ingl\u00e9s) es una de las 61 propuestas ganadoras entre las 829 recibidas por&nbsp;<a href=\"https:\/\/alumni.state.gov\/aeif-2016-winners\" target=\"_blank\" rel=\"noreferrer noopener\">International Exchange Alumni<\/a>&nbsp;en el a\u00f1o 2016 alrededor del mundo.<\/p>\n\n\n\n<h2 class=\"wp-block-heading has-text-align-center\"><mark style=\"background-color:rgba(0, 0, 0, 0);color:#0073a5\" class=\"has-inline-color\">Desarrollo de Software Libre Dominicano<\/mark><\/h2>\n\n\n\n<p class=\"has-text-align-center\">Proyecto&nbsp;<a href=\"https:\/\/pub.fdsl.org.do\/INDOTEL_Res_001-14b.pdf\" target=\"_blank\" rel=\"noreferrer noopener\">Desarrollo de Software Libre Dominicano<\/a>&nbsp;del&nbsp;<a href=\"http:\/\/indotel.gob.do\/\" target=\"_blank\" rel=\"noreferrer noopener\">INDOTEL<\/a>. (ver proyecto No. 8, p\u00e1gina 23)<\/p>\n\n\n\n<h2 class=\"wp-block-heading has-text-align-center\"><mark style=\"background-color:rgba(0, 0, 0, 0);color:#0073a5\" class=\"has-inline-color\">Localizaci\u00f3n Tryton ERP<\/mark><\/h2>\n\n\n\n<p>Proyecto para la localizaci\u00f3n a las normas locales el sistema&nbsp;<a href=\"http:\/\/www.tryton.org\/\" target=\"_blank\" rel=\"noreferrer noopener\">Tryton ERP<\/a>.<\/p>\n\n\n\n<p class=\"has-text-align-center\"><a href=\"https:\/\/savannah.nongnu.org\/projects\/tryton-do\" target=\"_blank\" rel=\"noreferrer noopener\">M\u00f3dulos Tryton ERP para Rep\u00fablica Dominicana<\/a><\/p>\n\n\n\n<h2 class=\"wp-block-heading has-text-align-center\"><mark style=\"background-color:rgba(0, 0, 0, 0);color:#0073a5\" class=\"has-inline-color\">Anteproyecto de Ley de Software Libre<\/mark><\/h2>\n\n\n\n<p class=\"has-text-align-center\"><a href=\"https:\/\/pub.fdsl.org.do\/Anteproyecto-Ley-Software-Libre.pdf\" target=\"_blank\" rel=\"noreferrer noopener\">Documento del Anteproyecto de Ley de Software Libre<\/a><\/p>\n\n\n\n<h2 class=\"wp-block-heading has-text-align-center\"><mark style=\"background-color:rgba(0, 0, 0, 0);color:#0073a5\" class=\"has-inline-color\">Localizaci\u00f3n GNU Health<\/mark><\/h2>\n\n\n\n<p class=\"has-text-align-center\">Proyecto para la localizaci\u00f3n del sistema de informaci\u00f3n hospitalaria&nbsp;<a href=\"http:\/\/health.gnu.org\/es\/index.html\" target=\"_blank\" rel=\"noreferrer noopener\">GNU Health<\/a>:<\/p>\n\n\n\n<ul class=\"wp-block-list\">\n<li><a href=\"https:\/\/savannah.gnu.org\/projects\/health\" target=\"_blank\" rel=\"noreferrer noopener\">Desarrollo del software<\/a>.<\/li>\n\n\n\n<li><a href=\"https:\/\/www.transifex.com\/meanmicio\/GNU_Health\/\" target=\"_blank\" rel=\"noreferrer noopener\">Traducci\u00f3n<\/a>.<\/li>\n<\/ul>\n\n\n\n<h2 class=\"wp-block-heading has-text-align-center\"><a href=\"https:\/\/fdsl.org.do\/index.php\/archivo-personal-del-prof-juan-bosch\/\"><mark style=\"background-color:rgba(0, 0, 0, 0);color:#0073a5\" class=\"has-inline-color\">Archivo Personal del Prof. Juan Bosch<\/mark><\/a><\/h2>\n\n\n\n<p class=\"has-text-align-center\">La&nbsp;<strong>Fundaci\u00f3n Dominicana de Software Libre<\/strong>&nbsp;colabora en la implementaci\u00f3n y mantenimiento de la aplicaci\u00f3n&nbsp;<a href=\"https:\/\/www.ica-atom.org\/\" target=\"_blank\" rel=\"noreferrer noopener\">Ica-AtoM<\/a>, de tipo software libre, como un manejador de archivos desarrollado por el Consejo Internacional de Archiv\u00edstica, para que los documentos del profesor Bosch est\u00e9n a disposici\u00f3n del p\u00fablico.<\/p>\n","protected":false},"excerpt":{"rendered":"<p>Proyecto Smart Aprendizaje Din\u00e1mico y Divertido de las Matem\u00e1ticas&nbsp;(SMART, por sus siglas en ingl\u00e9s) es una de las 61 propuestas ganadoras entre las 829 recibidas por&nbsp;International Exchange Alumni&nbsp;en el a\u00f1o 2016 alrededor del mundo. Desarrollo de Software Libre Dominicano Proyecto&nbsp;Desarrollo de Software Libre Dominicano&nbsp;del&nbsp;INDOTEL. (ver proyecto No. 8, p\u00e1gina 23) Localizaci\u00f3n Tryton ERP Proyecto para [&hellip;]<\/p>\n","protected":false},"author":4,"featured_media":0,"parent":0,"menu_order":0,"comment_status":"closed","ping_status":"closed","template":"","meta":{"footnotes":""},"class_list":["post-123","page","type-page","status-publish","hentry"],"_links":{"self":[{"href":"https:\/\/fdsl.org.do\/index.php\/wp-json\/wp\/v2\/pages\/123","targetHints":{"allow":["GET"]}}],"collection":[{"href":"https:\/\/fdsl.org.do\/index.php\/wp-json\/wp\/v2\/pages"}],"about":[{"href":"https:\/\/fdsl.org.do\/index.php\/wp-json\/wp\/v2\/types\/page"}],"author":[{"embeddable":true,"href":"https:\/\/fdsl.org.do\/index.php\/wp-json\/wp\/v2\/users\/4"}],"replies":[{"embeddable":true,"href":"https:\/\/fdsl.org.do\/index.php\/wp-json\/wp\/v2\/comments?post=123"}],"version-history":[{"count":0,"href":"https:\/\/fdsl.org.do\/index.php\/wp-json\/wp\/v2\/pages\/123\/revisions"}],"wp:attachment":[{"href":"https:\/\/fdsl.org.do\/index.php\/wp-json\/wp\/v2\/media?parent=123"}],"curies":[{"name":"wp","href":"https:\/\/api.w.org\/{rel}","templated":true}]}}